{"id":480,"date":"2025-01-05T16:52:44","date_gmt":"2025-01-05T15:52:44","guid":{"rendered":"https:\/\/www.daskinderzimmer-krems.at\/?page_id=480"},"modified":"2025-01-05T16:55:22","modified_gmt":"2025-01-05T15:55:22","slug":"impressum","status":"publish","type":"page","link":"https:\/\/www.daskinderzimmer-krems.at\/index.php\/impressum\/","title":{"rendered":"Impressum"},"content":{"rendered":"\t\t<div data-elementor-type=\"wp-page\" data-elementor-id=\"480\" class=\"elementor elementor-480\">\n\t\t\t\t<div class=\"elementor-element elementor-element-248165e8 e-flex e-con-boxed e-con e-parent\" data-id=\"248165e8\" data-element_type=\"container\" data-e-type=\"container\">\n\t\t\t\t\t<div class=\"e-con-inner\">\n\t\t\t\t<div class=\"elementor-element elementor-element-44eb2299 elementor-widget elementor-widget-text-editor\" data-id=\"44eb2299\" data-element_type=\"widget\" data-e-type=\"widget\" data-widget_type=\"text-editor.default\">\n\t\t\t\t<div class=\"elementor-widget-container\">\n\t\t\t\t\t\t\t\t\t<p><strong>Angaben gem\u00e4\u00df \u00a7 5 E-Commerce-Gesetz (ECG), \u00a7 14 Unternehmensgesetzbuch (UGB) und Offenlegungspflicht laut \u00a7 25 Mediengesetz (MedienG)<\/strong><\/p><p><strong>Unternehmensname:<\/strong><br \/>DAS Kinderzimmer Krems<\/p><p><strong>Unternehmensgegenstand:<\/strong><br \/>Beaufsichtigung von Kindern ohne Verfolgung erzieherischer Zwecke.<\/p><p><strong>Inhaber:<\/strong><br \/>Claudia Windhaber-Ehrenreich<\/p><p><strong>Adresse:<\/strong><br \/>Sp\u00e4nglergasse 2A<br \/>3500 Krems<br \/>\u00d6sterreich<\/p><p><strong>Kontakt:<\/strong><br \/>Telefon: +43 676 4390280<br \/>E-Mail: <a href=\"mailto:claudia.ehrenreich@daskinderzimmer-krems.at\"><span style=\"color: #9c27b0;\">claudia.ehrenreich@daskinderzimmer-krems.at<\/span><\/a><br \/>Website: <a href=\"https:\/\/www.daskinderzimmer-krems.at\">www.daskinderzimmer-krems.at<\/a><\/p><p><strong>Aufsichtsbeh\u00f6rde:<\/strong><br \/>Magistrat Krems<\/p><p><strong>Alternative Streitbeilegung:<\/strong><br \/>Plattform der EU-Kommission zur Online-Streitbeilegung: <a rel=\"noopener\" target=\"_new\" href=\"https:\/\/ec.europa.eu\/odr\"><span>https<\/span><span>:\/\/ec<\/span><span>.europa<\/span><span>.eu<\/span><span>\/odr<\/span><\/a><\/p><p><strong>Haftungsausschluss:<\/strong><br \/>Die Inhalte dieser Website wurden mit gr\u00f6\u00dftm\u00f6glicher Sorgfalt erstellt. Dennoch wird keine Gew\u00e4hr f\u00fcr die Richtigkeit, Vollst\u00e4ndigkeit und Aktualit\u00e4t der bereitgestellten Inhalte \u00fcbernommen.<\/p><p><strong>Urheberrecht:<\/strong><br \/>Die Inhalte und Werke auf dieser Website unterliegen dem \u00f6sterreichischen Urheberrecht.<\/p>\t\t\t\t\t\t\t\t<\/div>\n\t\t\t\t<\/div>\n\t\t\t\t\t<\/div>\n\t\t\t\t<\/div>\n\t\t\t\t<\/div>\n\t\t","protected":false},"excerpt":{"rendered":"Angaben gem\u00e4\u00df \u00a7 5 E-Commerce-Gesetz (ECG), \u00a7 14 Unternehmensgesetzbuch (UGB) und Offenlegungspflicht laut \u00a7 25 Mediengesetz (MedienG)Unternehmensname:DAS Kinderzimmer KremsUnternehmensgegenstand:Beaufsichtigung von Kindern ohne Verfolgung erzieherischer Zwecke.Inhaber:Claudia Windhaber-EhrenreichAdresse:Sp\u00e4nglergasse 2A3500 Krems\u00d6sterreichKontakt:Telefon: +43 676 4390280E-Mail: claudia.ehrenreich@daskinderzimmer-krems.atWebsite: www.daskinderzimmer-krems.atAufsichtsbeh\u00f6rde:Magistrat KremsAlternative Streitbeilegung:Plattform der EU-Kommission zur Online-Streitbeilegung: https:\/\/ec.europa.eu\/odrHaftungsausschluss:Die Inhalte dieser Website wurden mit gr\u00f6\u00dftm\u00f6glicher Sorgfalt erstellt. Dennoch wird [&hellip;]","protected":false},"author":1,"featured_media":0,"parent":0,"menu_order":0,"comment_status":"closed","ping_status":"closed","template":"","meta":{"footnotes":""},"class_list":["post-480","page","type-page","status-publish","hentry"],"_links":{"self":[{"href":"https:\/\/www.daskinderzimmer-krems.at\/index.php\/wp-json\/wp\/v2\/pages\/480","targetHints":{"allow":["GET"]}}],"collection":[{"href":"https:\/\/www.daskinderzimmer-krems.at\/index.php\/wp-json\/wp\/v2\/pages"}],"about":[{"href":"https:\/\/www.daskinderzimmer-krems.at\/index.php\/wp-json\/wp\/v2\/types\/page"}],"author":[{"embeddable":true,"href":"https:\/\/www.daskinderzimmer-krems.at\/index.php\/wp-json\/wp\/v2\/users\/1"}],"replies":[{"embeddable":true,"href":"https:\/\/www.daskinderzimmer-krems.at\/index.php\/wp-json\/wp\/v2\/comments?post=480"}],"version-history":[{"count":7,"href":"https:\/\/www.daskinderzimmer-krems.at\/index.php\/wp-json\/wp\/v2\/pages\/480\/revisions"}],"predecessor-version":[{"id":488,"href":"https:\/\/www.daskinderzimmer-krems.at\/index.php\/wp-json\/wp\/v2\/pages\/480\/revisions\/488"}],"wp:attachment":[{"href":"https:\/\/www.daskinderzimmer-krems.at\/index.php\/wp-json\/wp\/v2\/media?parent=480"}],"curies":[{"name":"wp","href":"https:\/\/api.w.org\/{rel}","templated":true}]}}