{"id":3,"date":"2025-01-02T13:28:17","date_gmt":"2025-01-02T12:28:17","guid":{"rendered":"https:\/\/localhost\/daskinderzimmer\/?page_id=3"},"modified":"2025-01-03T13:14:34","modified_gmt":"2025-01-03T12:14:34","slug":"datenschutzerklaerung","status":"publish","type":"page","link":"https:\/\/www.daskinderzimmer-krems.at\/index.php\/datenschutzerklaerung\/","title":{"rendered":"Datenschutzerkl\u00e4rung"},"content":{"rendered":"\n<h2 class=\"wp-block-heading\">Wer wir sind<\/h2>\n\n\n\n<p>Die Adresse unserer Website ist: https:\/\/www.daskinderzimmer-krems.at.<\/p>\n\n\n\n<p>Die Datenverarbeitung erfolgt nach Ma\u00dfgabe der gesetzlichen Bestimmungen. Kundendaten werden zur Reservierung und Buchhaltung verarbeitet.<\/p>\n\n\n\n<p>Der Schutz Ihrer pers\u00f6nlichen Daten ist uns ein besonderes Anliegen. Wir verarbeiten Ihre Daten daher ausschlie\u00dflich auf Grundlage der gesetzlichen Bestimmungen (DSGVO, TKG 2003). In dieser Datenschutzerkl\u00e4rung informieren wir Sie \u00fcber die wichtigsten Aspekte der Datenverarbeitung im Rahmen unserer Website.<\/p>\n\n\n\n<p>Wenn Sie per Formular auf der Website oder per E-Mail-Kontakt mit uns aufnehmen, werden Ihre angegebenen Daten zwecks Bearbeitung der Anfrage und f\u00fcr den Fall von Anschlussfragen bei uns gespeichert. Diese Daten geben wir nicht ohne Ihre Einwilligung weiter.<\/p>\n\n\n\n<p>Der Schutz Ihrer Daten und die Pers\u00f6nlichkeitsrechte der Kunden sind uns sehr wichtig. Daher halten wir uns an modernste Sicherheitsstandards, um den Schutz der Daten zu gew\u00e4hrleisten und verwenden, verarbeiten oder \u00fcbermitteln die Daten ausschlie\u00dflich im Rahmen der gesetzlichen Bestimmungen. Die verwendeten Daten werden streng vertraulich behandelt.<\/p>\n\n\n\n<p>Die Verwendung der personenbezogenen Daten kann jederzeit widerrufen werden. Widerrufe und Fragen zur Datenverwendung richten Sie bitte an:<br>per Post: Claudia Windhaber-Ehrenreich, Sp\u00e4nglergasse 2a, 3500 Krems, \u00d6sterreich<br>per E-Mail:&nbsp;<a href=\"mailto:claudia.ehrenreich@daskinderzimmer-krems.at\">claudia.ehrenreich@daskinderzimmer-krems.at<\/a><\/p>\n\n\n\n<p>Wir verwenden Cookies, um den Besuch unserer Website attraktiv zu gestalten und die Nutzung bestimmter Funktionen zu erm\u00f6glichen. Hierbei handelt es sich um kleine Textdateien, die auf Ihrem Rechner abgelegt werden. Die erzeugten Cookies haben eine Verfallszeit von max. 3 Monaten. Sie k\u00f6nnen Ihren Browser so einstellen, dass Sie \u00fcber das Setzen von Cookies informiert werden.<\/p>\n\n\n\n<p><strong>Bilddokumentation:<\/strong><\/p>\n\n\n\n<p>Ich erkl\u00e4re mich einverstanden, dass Fotos und\/oder Videomaterialien ver\u00f6ffentlicht werden, die im Rahmen von&nbsp;<strong>DAS Kinderzimmer-Krems&nbsp;<\/strong>entstanden sind und auf denen m\u00f6glicherweise ich selbst zu sehen bin oder mein(e) Kind(er) zu sehen ist (sind).<\/p>\n\n\n\n<p>Mir ist bekannt, dass ich f\u00fcr die Ver\u00f6ffentlichung keine Entgelte erhalte.<\/p>\n\n\n\n<p>Es werden keine Portraits oder Bilder verbunden mit personenbezogenen Daten ver\u00f6ffentlicht!<\/p>\n","protected":false},"excerpt":{"rendered":"Wer wir sind Die Adresse unserer Website ist: https:\/\/www.daskinderzimmer-krems.at. Die Datenverarbeitung erfolgt nach Ma\u00dfgabe der gesetzlichen Bestimmungen. Kundendaten werden zur Reservierung und Buchhaltung verarbeitet. Der Schutz Ihrer pers\u00f6nlichen Daten ist uns ein besonderes Anliegen. Wir verarbeiten Ihre Daten daher ausschlie\u00dflich auf Grundlage der gesetzlichen Bestimmungen (DSGVO, TKG 2003). In dieser [&hellip;]","protected":false},"author":1,"featured_media":0,"parent":0,"menu_order":0,"comment_status":"closed","ping_status":"open","template":"","meta":{"footnotes":""},"class_list":["post-3","page","type-page","status-publish","hentry"],"_links":{"self":[{"href":"https:\/\/www.daskinderzimmer-krems.at\/index.php\/wp-json\/wp\/v2\/pages\/3","targetHints":{"allow":["GET"]}}],"collection":[{"href":"https:\/\/www.daskinderzimmer-krems.at\/index.php\/wp-json\/wp\/v2\/pages"}],"about":[{"href":"https:\/\/www.daskinderzimmer-krems.at\/index.php\/wp-json\/wp\/v2\/types\/page"}],"author":[{"embeddable":true,"href":"https:\/\/www.daskinderzimmer-krems.at\/index.php\/wp-json\/wp\/v2\/users\/1"}],"replies":[{"embeddable":true,"href":"https:\/\/www.daskinderzimmer-krems.at\/index.php\/wp-json\/wp\/v2\/comments?post=3"}],"version-history":[{"count":1,"href":"https:\/\/www.daskinderzimmer-krems.at\/index.php\/wp-json\/wp\/v2\/pages\/3\/revisions"}],"predecessor-version":[{"id":142,"href":"https:\/\/www.daskinderzimmer-krems.at\/index.php\/wp-json\/wp\/v2\/pages\/3\/revisions\/142"}],"wp:attachment":[{"href":"https:\/\/www.daskinderzimmer-krems.at\/index.php\/wp-json\/wp\/v2\/media?parent=3"}],"curies":[{"name":"wp","href":"https:\/\/api.w.org\/{rel}","templated":true}]}}