{"id":143,"date":"2025-01-03T13:23:25","date_gmt":"2025-01-03T12:23:25","guid":{"rendered":"https:\/\/localhost\/daskinderzimmer\/?page_id=143"},"modified":"2025-10-01T15:30:36","modified_gmt":"2025-10-01T13:30:36","slug":"angebote","status":"publish","type":"page","link":"https:\/\/www.daskinderzimmer-krems.at\/index.php\/angebote\/","title":{"rendered":"Angebote\/Preise"},"content":{"rendered":"\t\t<div data-elementor-type=\"wp-page\" data-elementor-id=\"143\" class=\"elementor elementor-143\">\n\t\t\t\t<div class=\"elementor-element elementor-element-8b7af57 e-flex e-con-boxed e-con e-parent\" data-id=\"8b7af57\" data-element_type=\"container\" data-e-type=\"container\">\n\t\t\t\t\t<div class=\"e-con-inner\">\n\t\t\t\t<div class=\"elementor-element elementor-element-c617e09 elementor-widget elementor-widget-text-editor\" data-id=\"c617e09\" data-element_type=\"widget\" data-e-type=\"widget\" data-widget_type=\"text-editor.default\">\n\t\t\t\t<div class=\"elementor-widget-container\">\n\t\t\t\t\t\t\t\t\t<h1 style=\"text-align: center;\">Angebote im\u00a0 <strong><br>\u201eDAS\u00a0<span style=\"color: #ff0000;\">K<\/span><span style=\"color: #ff99cc;\">i<\/span><span style=\"color: #339966;\">n<\/span><span style=\"color: #ffcc00;\">d<\/span><span style=\"color: #00ccff;\">e<\/span><span style=\"color: #cc99ff;\">r<\/span><span style=\"color: #ff0000;\">z<\/span><span style=\"color: #ff99cc;\">i<\/span><span style=\"color: #339966;\">m<\/span><span style=\"color: #ffcc00;\">m<\/span><span style=\"color: #00ccff;\">e<\/span><span style=\"color: #ff0000;\">r<\/span>-Krems\u201c<\/strong><\/h1>\t\t\t\t\t\t\t\t<\/div>\n\t\t\t\t<\/div>\n\t\t\t\t\t<\/div>\n\t\t\t\t<\/div>\n\t\t<div class=\"elementor-element elementor-element-7c63ff1 e-flex e-con-boxed e-con e-parent\" data-id=\"7c63ff1\" data-element_type=\"container\" data-e-type=\"container\">\n\t\t\t\t\t<div class=\"e-con-inner\">\n\t\t\t\t<div class=\"elementor-element elementor-element-99e385b elementor-widget elementor-widget-text-editor\" data-id=\"99e385b\" data-element_type=\"widget\" data-e-type=\"widget\" data-widget_type=\"text-editor.default\">\n\t\t\t\t<div class=\"elementor-widget-container\">\n\t\t\t\t\t\t\t\t\t<h2 style=\"text-align: center;\">Neukundenaktion<\/h2><p><img fetchpriority=\"high\" decoding=\"async\" src=\"\/daskinderzimmer\/wp-content\/uploads\/2025\/01\/Ohne-Titel-2-223x300.png\" alt=\"\" width=\"223\" height=\"300\" class=\"size-medium wp-image-150 aligncenter\" srcset=\"https:\/\/www.daskinderzimmer-krems.at\/daskinderzimmer\/wp-content\/uploads\/2025\/01\/Ohne-Titel-2-223x300.png 223w, https:\/\/www.daskinderzimmer-krems.at\/daskinderzimmer\/wp-content\/uploads\/2025\/01\/Ohne-Titel-2.png 296w\" sizes=\"(max-width: 223px) 100vw, 223px\" \/><\/p><p style=\"text-align: center;\"><strong>Gratisgutschein f\u00fcr Neukunden<\/strong><\/p><p style=\"text-align: center;\"><span style=\"color: #999999; text-align: center;\">Kommen Sie und holen Sie sich einen Gutschein f\u00fcr eine Betreuungsstunde im KiZi!<\/span><strong><\/strong><\/p>\t\t\t\t\t\t\t\t<\/div>\n\t\t\t\t<\/div>\n\t\t\t\t<div class=\"elementor-element elementor-element-a8634c4 elementor-widget elementor-widget-text-editor\" data-id=\"a8634c4\" data-element_type=\"widget\" data-e-type=\"widget\" data-widget_type=\"text-editor.default\">\n\t\t\t\t<div class=\"elementor-widget-container\">\n\t\t\t\t\t\t\t\t\t<h2 style=\"text-align: center;\">Stammkundenaktion<\/h2><p><img decoding=\"async\" src=\"https:\/\/www.daskinderzimmer-krems.at\/daskinderzimmer\/wp-content\/uploads\/2025\/01\/bring-a-friend-223x300.png\" alt=\"\" width=\"223\" height=\"300\" class=\"alignnone size-medium wp-image-453 aligncenter\" srcset=\"https:\/\/www.daskinderzimmer-krems.at\/daskinderzimmer\/wp-content\/uploads\/2025\/01\/bring-a-friend-223x300.png 223w, https:\/\/www.daskinderzimmer-krems.at\/daskinderzimmer\/wp-content\/uploads\/2025\/01\/bring-a-friend.png 296w\" sizes=\"(max-width: 223px) 100vw, 223px\" \/><\/p><p style=\"text-align: center;\"><strong>Gratisgutschein f\u00fcr Stammkunden<\/strong><\/p><p style=\"text-align: center;\"><span>\u201eBring a friend\u201c und sichern Sie sich eine Gratisstunde im KiZi!<\/span><\/p>\t\t\t\t\t\t\t\t<\/div>\n\t\t\t\t<\/div>\n\t\t\t\t<div class=\"elementor-element elementor-element-2d2a5fc elementor-widget elementor-widget-text-editor\" data-id=\"2d2a5fc\" data-element_type=\"widget\" data-e-type=\"widget\" data-widget_type=\"text-editor.default\">\n\t\t\t\t<div class=\"elementor-widget-container\">\n\t\t\t\t\t\t\t\t\t<h2 style=\"text-align: center;\">Zehnerblock<\/h2><p><img decoding=\"async\" src=\"https:\/\/www.daskinderzimmer-krems.at\/daskinderzimmer\/wp-content\/uploads\/2025\/01\/gutscheinkarte-hinten.png\" alt=\"\" width=\"284\" height=\"214\" class=\"alignnone size-full wp-image-457 aligncenter\" \/><\/p><p style=\"text-align: center;\"><span>Mit einem Zehnerblock f\u00fcr Spiel und Spa\u00df im KiZi erhalten Sie pro Besuch 5 EUR Nachlass!<\/span><\/p>\t\t\t\t\t\t\t\t<\/div>\n\t\t\t\t<\/div>\n\t\t\t\t<div class=\"elementor-element elementor-element-e87d6b5 elementor-widget elementor-widget-text-editor\" data-id=\"e87d6b5\" data-element_type=\"widget\" data-e-type=\"widget\" data-widget_type=\"text-editor.default\">\n\t\t\t\t<div class=\"elementor-widget-container\">\n\t\t\t\t\t\t\t\t\t<h2 style=\"text-align: center;\">Gutscheinkarte<\/h2><p><img loading=\"lazy\" decoding=\"async\" src=\"https:\/\/www.daskinderzimmer-krems.at\/daskinderzimmer\/wp-content\/uploads\/2025\/01\/gutscheinkarte-vorne.png\" alt=\"\" width=\"284\" height=\"214\" class=\"alignnone size-full wp-image-458 aligncenter\" \/><\/p><p style=\"text-align: center;\"><span>Kaufen Sie einen Gutschein in beliebiger H\u00f6he!<\/span><\/p>\t\t\t\t\t\t\t\t<\/div>\n\t\t\t\t<\/div>\n\t\t\t\t\t<\/div>\n\t\t\t\t<\/div>\n\t\t<div class=\"elementor-element elementor-element-adfb896 e-flex e-con-boxed e-con e-parent\" data-id=\"adfb896\" data-element_type=\"container\" data-e-type=\"container\">\n\t\t\t\t\t<div class=\"e-con-inner\">\n\t\t\t\t<div class=\"elementor-element elementor-element-2e28407 elementor-widget elementor-widget-text-editor\" data-id=\"2e28407\" data-element_type=\"widget\" data-e-type=\"widget\" data-widget_type=\"text-editor.default\">\n\t\t\t\t<div class=\"elementor-widget-container\">\n\t\t\t\t\t\t\t\t\t<h1 style=\"text-align: center;\">Preise im\u00a0 <strong>\u201eDAS\u00a0<span style=\"color: #ff0000;\">K<\/span><span style=\"color: #ff99cc;\">i<\/span><span style=\"color: #339966;\">n<\/span><span style=\"color: #ffcc00;\">d<\/span><span style=\"color: #00ccff;\">e<\/span><span style=\"color: #cc99ff;\">r<\/span><span style=\"color: #ff0000;\">z<\/span><span style=\"color: #ff99cc;\">i<\/span><span style=\"color: #339966;\">m<\/span><span style=\"color: #ffcc00;\">m<\/span><span style=\"color: #00ccff;\">e<\/span><span style=\"color: #ff0000;\">r<\/span>-Krems\u201c<\/strong><\/h1>\t\t\t\t\t\t\t\t<\/div>\n\t\t\t\t<\/div>\n\t\t\t\t<div class=\"elementor-element elementor-element-4499238 elementor-widget elementor-widget-text-editor\" data-id=\"4499238\" data-element_type=\"widget\" data-e-type=\"widget\" data-widget_type=\"text-editor.default\">\n\t\t\t\t<div class=\"elementor-widget-container\">\n\t\t\t\t\t\t\t\t\t<table style=\"width: 100%;\">\n<tbody>\n<tr>\n<td style=\"width:10%;\">Erste Stunde pro Buchung <br>(ohne 10er Block)<\/td>\n<td style=\"width: 40%;\"><\/td>\n<td style=\"text-align: right;\">\u20ac 19,00<br><\/td>\n<\/tr>\n<tr>\n<td>Folgestunde<\/td>\n<td><\/td>\n<td style=\"text-align: right;\">\u20ac 14,00<br><\/td>\n<\/tr>\n<tr>\n<td>10er Block (Stammkundentarif)<\/td>\n<td><\/td>\n<td style=\"text-align: right;\">\u20ac 140,00<br><\/td>\n<\/tr>\n<tr>\n<td>Betreuungsstunde au\u00dferhalb der \u00d6ffnungszeiten<\/td>\n<td><\/td>\n<td style=\"text-align: right;\">\u20ac 19,00<br><\/td>\n<td><\/td>\n<\/tr>\n<tr>\n<td>\u201eKiZi-Home-Service\u201c ( Zu Hause Betreuung)<\/td>\n<td>pro Stunde 1. Kind<\/td>\n<td style=\"text-align: right;\">\u20ac 19,00<br><\/td>\n<td><\/td>\n<\/tr>\n<tr>\n<td><\/td>\n<td>jedes weitere Kind<\/td>\n<td style=\"text-align: right;\">\u20ac 14,00<br><\/td>\n<td><\/td>\n<\/tr>\n<tr>\n<td>Abholservice Kindergarten \/ Schule <br>(fu\u00dfl\u00e4ufig erreichbar!)<\/td>\n<td><\/td>\n<td style=\"text-align: right;\">auf Anfrage!<\/td>\n<\/tr>\n<\/tbody>\n<\/table>\t\t\t\t\t\t\t\t<\/div>\n\t\t\t\t<\/div>\n\t\t\t\t\t<\/div>\n\t\t\t\t<\/div>\n\t\t\t\t<\/div>\n\t\t","protected":false},"excerpt":{"rendered":"Angebote im\u00a0 \u201eDAS\u00a0Kinderzimmer-Krems\u201cNeukundenaktionGratisgutschein f\u00fcr NeukundenKommen Sie und holen Sie sich einen Gutschein f\u00fcr eine Betreuungsstunde im KiZi!StammkundenaktionGratisgutschein f\u00fcr Stammkunden\u201eBring a friend\u201c und sichern Sie sich eine Gratisstunde im KiZi!ZehnerblockMit einem Zehnerblock f\u00fcr Spiel und Spa\u00df im KiZi erhalten Sie pro Besuch 5 EUR Nachlass!GutscheinkarteKaufen Sie einen Gutschein in beliebiger H\u00f6he!Preise [&hellip;]","protected":false},"author":1,"featured_media":0,"parent":0,"menu_order":0,"comment_status":"closed","ping_status":"closed","template":"","meta":{"footnotes":""},"class_list":["post-143","page","type-page","status-publish","hentry"],"_links":{"self":[{"href":"https:\/\/www.daskinderzimmer-krems.at\/index.php\/wp-json\/wp\/v2\/pages\/143","targetHints":{"allow":["GET"]}}],"collection":[{"href":"https:\/\/www.daskinderzimmer-krems.at\/index.php\/wp-json\/wp\/v2\/pages"}],"about":[{"href":"https:\/\/www.daskinderzimmer-krems.at\/index.php\/wp-json\/wp\/v2\/types\/page"}],"author":[{"embeddable":true,"href":"https:\/\/www.daskinderzimmer-krems.at\/index.php\/wp-json\/wp\/v2\/users\/1"}],"replies":[{"embeddable":true,"href":"https:\/\/www.daskinderzimmer-krems.at\/index.php\/wp-json\/wp\/v2\/comments?post=143"}],"version-history":[{"count":107,"href":"https:\/\/www.daskinderzimmer-krems.at\/index.php\/wp-json\/wp\/v2\/pages\/143\/revisions"}],"predecessor-version":[{"id":1084,"href":"https:\/\/www.daskinderzimmer-krems.at\/index.php\/wp-json\/wp\/v2\/pages\/143\/revisions\/1084"}],"wp:attachment":[{"href":"https:\/\/www.daskinderzimmer-krems.at\/index.php\/wp-json\/wp\/v2\/media?parent=143"}],"curies":[{"name":"wp","href":"https:\/\/api.w.org\/{rel}","templated":true}]}}